{"id":2,"date":"2025-06-30T09:32:15","date_gmt":"2025-06-30T09:32:15","guid":{"rendered":"https:\/\/lacasitadefuenteobejuna.rkinformatika.online\/?page_id=2"},"modified":"2025-08-21T14:23:43","modified_gmt":"2025-08-21T14:23:43","slug":"inicio","status":"publish","type":"page","link":"https:\/\/lacasitadefuenteobejuna.com\/en\/","title":{"rendered":"Home"},"content":{"rendered":"\t\t<div data-elementor-type=\"wp-page\" data-elementor-id=\"2\" class=\"elementor elementor-2\" data-elementor-post-type=\"page\">\n\t\t\t\t\t\t<section class=\"elementor-section elementor-top-section elementor-element elementor-element-7935a8d elementor-section-boxed elementor-section-height-default elementor-section-height-default\" data-id=\"7935a8d\" data-element_type=\"section\" data-e-type=\"section\" data-settings=\"{&quot;background_background&quot;:&quot;slideshow&quot;,&quot;background_slideshow_gallery&quot;:[{&quot;id&quot;:581,&quot;url&quot;:&quot;https:\\\/\\\/lacasitadefuenteobejuna.com\\\/wp-content\\\/uploads\\\/2025\\\/08\\\/PHOTO-2025-03-21-12-31-40-9.jpg&quot;},{&quot;id&quot;:573,&quot;url&quot;:&quot;https:\\\/\\\/lacasitadefuenteobejuna.com\\\/wp-content\\\/uploads\\\/2025\\\/08\\\/PHOTO-2025-03-21-12-32-38-9.jpg&quot;},{&quot;id&quot;:592,&quot;url&quot;:&quot;https:\\\/\\\/lacasitadefuenteobejuna.com\\\/wp-content\\\/uploads\\\/2025\\\/08\\\/IMG_20230114_094631-lp-scaled.jpg&quot;}],&quot;background_slideshow_ken_burns&quot;:&quot;yes&quot;,&quot;background_slideshow_loop&quot;:&quot;yes&quot;,&quot;background_slideshow_slide_duration&quot;:5000,&quot;background_slideshow_slide_transition&quot;:&quot;fade&quot;,&quot;background_slideshow_transition_duration&quot;:500,&quot;background_slideshow_ken_burns_zoom_direction&quot;:&quot;in&quot;}\">\n\t\t\t\t\t\t\t<div class=\"elementor-background-overlay\"><\/div>\n\t\t\t\t\t\t\t<div class=\"elementor-container elementor-column-gap-default\">\n\t\t\t\t\t<div class=\"elementor-column elementor-col-100 elementor-top-column elementor-element elementor-element-3fed188\" data-id=\"3fed188\" data-element_type=\"column\" data-e-type=\"column\">\n\t\t\t<div class=\"elementor-widget-wrap elementor-element-populated\">\n\t\t\t\t\t\t<div class=\"elementor-element elementor-element-995c340 elementor-invisible elementor-widget elementor-widget-heading\" data-id=\"995c340\" data-element_type=\"widget\" data-e-type=\"widget\" data-settings=\"{&quot;_animation&quot;:&quot;zoomInLeft&quot;}\" data-widget_type=\"heading.default\">\n\t\t\t\t<div class=\"elementor-widget-container\">\n\t\t\t\t\t<h2 class=\"elementor-heading-title elementor-size-default\">\u00a1Alquiler Rural!<\/h2>\t\t\t\t<\/div>\n\t\t\t\t<\/div>\n\t\t\t\t\t<\/div>\n\t\t<\/div>\n\t\t\t\t\t<\/div>\n\t\t<\/section>\n\t\t\t\t<section class=\"elementor-section elementor-top-section elementor-element elementor-element-58546b0 elementor-section-boxed elementor-section-height-default elementor-section-height-default\" data-id=\"58546b0\" data-element_type=\"section\" data-e-type=\"section\">\n\t\t\t\t\t\t<div class=\"elementor-container elementor-column-gap-default\">\n\t\t\t\t\t<div class=\"elementor-column elementor-col-50 elementor-top-column elementor-element elementor-element-58b9ac0 elementor-invisible\" data-id=\"58b9ac0\" data-element_type=\"column\" data-e-type=\"column\" data-settings=\"{&quot;animation&quot;:&quot;rotateInUpRight&quot;}\">\n\t\t\t<div class=\"elementor-widget-wrap elementor-element-populated\">\n\t\t\t\t\t\t<div class=\"elementor-element elementor-element-e7ef7c4 elementor-invisible elementor-widget elementor-widget-heading\" data-id=\"e7ef7c4\" data-element_type=\"widget\" data-e-type=\"widget\" data-settings=\"{&quot;_animation&quot;:&quot;fadeIn&quot;,&quot;_animation_delay&quot;:50}\" data-widget_type=\"heading.default\">\n\t\t\t\t<div class=\"elementor-widget-container\">\n\t\t\t\t\t<h2 class=\"elementor-heading-title elementor-size-default\">inicio<\/h2>\t\t\t\t<\/div>\n\t\t\t\t<\/div>\n\t\t\t\t<div class=\"elementor-element elementor-element-f62f363 elementor-invisible elementor-widget elementor-widget-heading\" data-id=\"f62f363\" data-element_type=\"widget\" data-e-type=\"widget\" data-settings=\"{&quot;_animation&quot;:&quot;fadeIn&quot;,&quot;_animation_delay&quot;:100}\" data-widget_type=\"heading.default\">\n\t\t\t\t<div class=\"elementor-widget-container\">\n\t\t\t\t\t<h2 class=\"elementor-heading-title elementor-size-default\">Sobre nosotros<\/h2>\t\t\t\t<\/div>\n\t\t\t\t<\/div>\n\t\t\t\t<div class=\"elementor-element elementor-element-6abb7c3 elementor-widget elementor-widget-text-editor\" data-id=\"6abb7c3\" data-element_type=\"widget\" data-e-type=\"widget\" data-widget_type=\"text-editor.default\">\n\t\t\t\t<div class=\"elementor-widget-container\">\n\t\t\t\t\t\t\t\t\t<p>Es un proyecto muy ilusionante de rehabilitaci\u00f3n de la vivienda en 2021, que busca crear un espacio destinado al relax y la desconexi\u00f3n, proporcionando un refugio perfecto para aquellos que desean escapar del bullicio diario. Al mismo tiempo, se sit\u00faa en el coraz\u00f3n de un pueblo con una rica historia, donde cada rinc\u00f3n cuenta una historia y ofrece la oportunidad de experimentar la cultura local de manera aut\u00e9ntica.<\/p>\t\t\t\t\t\t\t\t<\/div>\n\t\t\t\t<\/div>\n\t\t\t\t\t<\/div>\n\t\t<\/div>\n\t\t\t\t<div class=\"elementor-column elementor-col-50 elementor-top-column elementor-element elementor-element-89337d7 elementor-invisible\" data-id=\"89337d7\" data-element_type=\"column\" data-e-type=\"column\" data-settings=\"{&quot;animation&quot;:&quot;rotateInUpLeft&quot;}\">\n\t\t\t<div class=\"elementor-widget-wrap elementor-element-populated\">\n\t\t\t\t\t\t<div class=\"elementor-element elementor-element-6019996 elementor-flip-box--effect-slide elementor-flip-box--direction-up elementor-widget elementor-widget-flip-box\" data-id=\"6019996\" data-element_type=\"widget\" data-e-type=\"widget\" data-widget_type=\"flip-box.default\">\n\t\t\t\t<div class=\"elementor-widget-container\">\n\t\t\t\t\t\t\t<div class=\"elementor-flip-box\" tabindex=\"0\">\n\t\t\t<div class=\"elementor-flip-box__layer elementor-flip-box__front\">\n\t\t\t\t<div class=\"elementor-flip-box__layer__overlay\">\n\t\t\t\t\t<div class=\"elementor-flip-box__layer__inner\">\n\t\t\t\t\t\t\n\t\t\t\t\t\t\n\t\t\t\t\t\t\t\t\t\t\t<\/div>\n\t\t\t\t<\/div>\n\t\t\t<\/div>\n\t\t\t<div class=\"elementor-flip-box__layer elementor-flip-box__back\">\n\t\t\t<div class=\"elementor-flip-box__layer__overlay\">\n\t\t\t\t<div class=\"elementor-flip-box__layer__inner\">\n\t\t\t\t\t\n\t\t\t\t\t\n\t\t\t\t\t\t\t\t<\/div>\n\t\t<\/div>\n\t\t<\/div>\n\t\t<\/div>\n\t\t\t\t\t\t<\/div>\n\t\t\t\t<\/div>\n\t\t\t\t\t<\/div>\n\t\t<\/div>\n\t\t\t\t\t<\/div>\n\t\t<\/section>\n\t\t<div class=\"elementor-element elementor-element-d6bdb7a e-flex e-con-boxed e-con e-parent\" data-id=\"d6bdb7a\" data-element_type=\"container\" data-e-type=\"container\" data-settings=\"{&quot;background_background&quot;:&quot;classic&quot;}\">\n\t\t\t\t\t<div class=\"e-con-inner\">\n\t\t\t\t<div class=\"elementor-element elementor-element-f12ccbf elementor-invisible elementor-widget elementor-widget-heading\" data-id=\"f12ccbf\" data-element_type=\"widget\" data-e-type=\"widget\" data-settings=\"{&quot;_animation&quot;:&quot;fadeInRight&quot;}\" data-widget_type=\"heading.default\">\n\t\t\t\t<div class=\"elementor-widget-container\">\n\t\t\t\t\t<h2 class=\"elementor-heading-title elementor-size-default\">Alquiler \u00edntegro de la vivienda, capacidad para dos personas<\/h2>\t\t\t\t<\/div>\n\t\t\t\t<\/div>\n\t\t\t\t<div class=\"elementor-element elementor-element-fc8235b elementor-invisible elementor-widget elementor-widget-button\" data-id=\"fc8235b\" data-element_type=\"widget\" data-e-type=\"widget\" data-settings=\"{&quot;_animation&quot;:&quot;fadeInLeft&quot;}\" data-widget_type=\"button.default\">\n\t\t\t\t<div class=\"elementor-widget-container\">\n\t\t\t\t\t\t\t\t\t<div class=\"elementor-button-wrapper\">\n\t\t\t\t\t<a class=\"elementor-button elementor-button-link elementor-size-sm\" href=\"\/contacto\">\n\t\t\t\t\t\t<span class=\"elementor-button-content-wrapper\">\n\t\t\t\t\t\t\t\t\t<span class=\"elementor-button-text\">Cont\u00e1ctanos<\/span>\n\t\t\t\t\t<\/span>\n\t\t\t\t\t<\/a>\n\t\t\t\t<\/div>\n\t\t\t\t\t\t\t\t<\/div>\n\t\t\t\t<\/div>\n\t\t\t\t\t<\/div>\n\t\t\t\t<\/div>\n\t\t\t\t<section class=\"elementor-section elementor-top-section elementor-element elementor-element-019412a elementor-section-boxed elementor-section-height-default elementor-section-height-default\" data-id=\"019412a\" data-element_type=\"section\" data-e-type=\"section\">\n\t\t\t\t\t\t<div class=\"elementor-container elementor-column-gap-default\">\n\t\t\t\t\t<div class=\"elementor-column elementor-col-50 elementor-top-column elementor-element elementor-element-90285f0 elementor-invisible\" data-id=\"90285f0\" data-element_type=\"column\" data-e-type=\"column\" data-settings=\"{&quot;animation&quot;:&quot;rotateInUpRight&quot;}\">\n\t\t\t<div class=\"elementor-widget-wrap elementor-element-populated\">\n\t\t\t\t\t\t<div class=\"elementor-element elementor-element-623f51e elementor-invisible elementor-widget elementor-widget-heading\" data-id=\"623f51e\" data-element_type=\"widget\" data-e-type=\"widget\" data-settings=\"{&quot;_animation&quot;:&quot;fadeIn&quot;,&quot;_animation_delay&quot;:50}\" data-widget_type=\"heading.default\">\n\t\t\t\t<div class=\"elementor-widget-container\">\n\t\t\t\t\t<h2 class=\"elementor-heading-title elementor-size-default\">LUGAR<\/h2>\t\t\t\t<\/div>\n\t\t\t\t<\/div>\n\t\t\t\t<div class=\"elementor-element elementor-element-ca33287 elementor-invisible elementor-widget elementor-widget-heading\" data-id=\"ca33287\" data-element_type=\"widget\" data-e-type=\"widget\" data-settings=\"{&quot;_animation&quot;:&quot;fadeIn&quot;,&quot;_animation_delay&quot;:100}\" data-widget_type=\"heading.default\">\n\t\t\t\t<div class=\"elementor-widget-container\">\n\t\t\t\t\t<h2 class=\"elementor-heading-title elementor-size-default\">Tu escape sereno a tranquilidad y comodidad<\/h2>\t\t\t\t<\/div>\n\t\t\t\t<\/div>\n\t\t\t\t\t<\/div>\n\t\t<\/div>\n\t\t\t\t<div class=\"elementor-column elementor-col-50 elementor-top-column elementor-element elementor-element-a05616e elementor-invisible\" data-id=\"a05616e\" data-element_type=\"column\" data-e-type=\"column\" data-settings=\"{&quot;animation&quot;:&quot;rotateInUpLeft&quot;}\">\n\t\t\t<div class=\"elementor-widget-wrap elementor-element-populated\">\n\t\t\t\t\t\t<div class=\"elementor-element elementor-element-69efd2e elementor-flip-box--effect-fade elementor-widget elementor-widget-flip-box\" data-id=\"69efd2e\" data-element_type=\"widget\" data-e-type=\"widget\" data-widget_type=\"flip-box.default\">\n\t\t\t\t<div class=\"elementor-widget-container\">\n\t\t\t\t\t\t\t<div class=\"elementor-flip-box\" tabindex=\"0\">\n\t\t\t<div class=\"elementor-flip-box__layer elementor-flip-box__front\">\n\t\t\t\t<div class=\"elementor-flip-box__layer__overlay\">\n\t\t\t\t\t<div class=\"elementor-flip-box__layer__inner\">\n\t\t\t\t\t\t\n\t\t\t\t\t\t\n\t\t\t\t\t\t\t\t\t\t\t<\/div>\n\t\t\t\t<\/div>\n\t\t\t<\/div>\n\t\t\t<div class=\"elementor-flip-box__layer elementor-flip-box__back\">\n\t\t\t<div class=\"elementor-flip-box__layer__overlay\">\n\t\t\t\t<div class=\"elementor-flip-box__layer__inner\">\n\t\t\t\t\t\n\t\t\t\t\t\n\t\t\t\t\t\t\t\t<\/div>\n\t\t<\/div>\n\t\t<\/div>\n\t\t<\/div>\n\t\t\t\t\t\t<\/div>\n\t\t\t\t<\/div>\n\t\t\t\t\t<\/div>\n\t\t<\/div>\n\t\t\t\t\t<\/div>\n\t\t<\/section>\n\t\t\t\t<section class=\"elementor-section elementor-top-section elementor-element elementor-element-a4e4d13 elementor-section-boxed elementor-section-height-default elementor-section-height-default\" data-id=\"a4e4d13\" data-element_type=\"section\" data-e-type=\"section\">\n\t\t\t\t\t\t<div class=\"elementor-container elementor-column-gap-default\">\n\t\t\t\t\t<div class=\"elementor-column elementor-col-50 elementor-top-column elementor-element elementor-element-c86041e elementor-invisible\" data-id=\"c86041e\" data-element_type=\"column\" data-e-type=\"column\" data-settings=\"{&quot;animation&quot;:&quot;rotateInUpLeft&quot;}\">\n\t\t\t<div class=\"elementor-widget-wrap elementor-element-populated\">\n\t\t\t\t\t\t<div class=\"elementor-element elementor-element-49bc8c6 elementor-flip-box--effect-fade elementor-widget elementor-widget-flip-box\" data-id=\"49bc8c6\" data-element_type=\"widget\" data-e-type=\"widget\" data-widget_type=\"flip-box.default\">\n\t\t\t\t<div class=\"elementor-widget-container\">\n\t\t\t\t\t\t\t<div class=\"elementor-flip-box\" tabindex=\"0\">\n\t\t\t<div class=\"elementor-flip-box__layer elementor-flip-box__front\">\n\t\t\t\t<div class=\"elementor-flip-box__layer__overlay\">\n\t\t\t\t\t<div class=\"elementor-flip-box__layer__inner\">\n\t\t\t\t\t\t\n\t\t\t\t\t\t\n\t\t\t\t\t\t\t\t\t\t\t<\/div>\n\t\t\t\t<\/div>\n\t\t\t<\/div>\n\t\t\t<div class=\"elementor-flip-box__layer elementor-flip-box__back\">\n\t\t\t<div class=\"elementor-flip-box__layer__overlay\">\n\t\t\t\t<div class=\"elementor-flip-box__layer__inner\">\n\t\t\t\t\t\n\t\t\t\t\t\n\t\t\t\t\t\t\t\t<\/div>\n\t\t<\/div>\n\t\t<\/div>\n\t\t<\/div>\n\t\t\t\t\t\t<\/div>\n\t\t\t\t<\/div>\n\t\t\t\t\t<\/div>\n\t\t<\/div>\n\t\t\t\t<div class=\"elementor-column elementor-col-50 elementor-top-column elementor-element elementor-element-fc5a2b6 elementor-invisible\" data-id=\"fc5a2b6\" data-element_type=\"column\" data-e-type=\"column\" data-settings=\"{&quot;animation&quot;:&quot;rotateInUpRight&quot;}\">\n\t\t\t<div class=\"elementor-widget-wrap elementor-element-populated\">\n\t\t\t\t\t\t<div class=\"elementor-element elementor-element-8b3a1ba elementor-invisible elementor-widget elementor-widget-heading\" data-id=\"8b3a1ba\" data-element_type=\"widget\" data-e-type=\"widget\" data-settings=\"{&quot;_animation&quot;:&quot;fadeIn&quot;,&quot;_animation_delay&quot;:50}\" data-widget_type=\"heading.default\">\n\t\t\t\t<div class=\"elementor-widget-container\">\n\t\t\t\t\t<h2 class=\"elementor-heading-title elementor-size-default\">Ba\u00f1era de hidromasaje<\/h2>\t\t\t\t<\/div>\n\t\t\t\t<\/div>\n\t\t\t\t<div class=\"elementor-element elementor-element-b330098 elementor-invisible elementor-widget elementor-widget-heading\" data-id=\"b330098\" data-element_type=\"widget\" data-e-type=\"widget\" data-settings=\"{&quot;_animation&quot;:&quot;fadeIn&quot;,&quot;_animation_delay&quot;:100}\" data-widget_type=\"heading.default\">\n\t\t\t\t<div class=\"elementor-widget-container\">\n\t\t\t\t\t<h2 class=\"elementor-heading-title elementor-size-default\">Zona de la ba\u00f1era de hidromasaje incluida, exclusiva y privada<\/h2>\t\t\t\t<\/div>\n\t\t\t\t<\/div>\n\t\t\t\t\t<\/div>\n\t\t<\/div>\n\t\t\t\t\t<\/div>\n\t\t<\/section>\n\t\t\t\t<\/div>\n\t\t","protected":false},"excerpt":{"rendered":"<p>\u00a1Alquiler Rural! inicio Sobre nosotros Es un proyecto muy ilusionante de rehabilitaci\u00f3n de la vivienda en 2021, que busca crear un espacio destinado al relax y la desconexi\u00f3n, proporcionando un refugio perfecto para aquellos que desean escapar del bullicio diario. Al mismo tiempo, se sit\u00faa en el coraz\u00f3n de un pueblo con una rica historia, [&hellip;]<\/p>\n","protected":false},"author":1,"featured_media":0,"parent":0,"menu_order":0,"comment_status":"closed","ping_status":"closed","template":"elementor_canvas","meta":{"footnotes":""},"class_list":["post-2","page","type-page","status-publish","hentry"],"yoast_head":"<!-- This site is optimized with the Yoast SEO plugin v27.3 - https:\/\/yoast.com\/product\/yoast-seo-wordpress\/ -->\n<title>Inicio - La Casita de Fuente Obejuna<\/title>\n<meta name=\"robots\" content=\"index, follow, max-snippet:-1, max-image-preview:large, max-video-preview:-1\" \/>\n<link rel=\"canonical\" href=\"https:\/\/lacasitadefuenteobejuna.com\/en\/\" \/>\n<meta property=\"og:locale\" content=\"en_US\" \/>\n<meta property=\"og:type\" content=\"article\" \/>\n<meta property=\"og:title\" content=\"Inicio - La Casita de Fuente Obejuna\" \/>\n<meta property=\"og:description\" content=\"\u00a1Alquiler Rural! inicio Sobre nosotros Es un proyecto muy ilusionante de rehabilitaci\u00f3n de la vivienda en 2021, que busca crear un espacio destinado al relax y la desconexi\u00f3n, proporcionando un refugio perfecto para aquellos que desean escapar del bullicio diario. Al mismo tiempo, se sit\u00faa en el coraz\u00f3n de un pueblo con una rica historia, [&hellip;]\" \/>\n<meta property=\"og:url\" content=\"https:\/\/lacasitadefuenteobejuna.com\/en\/\" \/>\n<meta property=\"og:site_name\" content=\"La Casita de Fuente Obejuna\" \/>\n<meta property=\"article:modified_time\" content=\"2025-08-21T14:23:43+00:00\" \/>\n<meta name=\"twitter:card\" content=\"summary_large_image\" \/>\n<meta name=\"twitter:label1\" content=\"Est. reading time\" \/>\n\t<meta name=\"twitter:data1\" content=\"1 minute\" \/>\n<script type=\"application\/ld+json\" class=\"yoast-schema-graph\">{\"@context\":\"https:\\\/\\\/schema.org\",\"@graph\":[{\"@type\":\"WebPage\",\"@id\":\"https:\\\/\\\/lacasitadefuenteobejuna.com\\\/\",\"url\":\"https:\\\/\\\/lacasitadefuenteobejuna.com\\\/\",\"name\":\"Inicio - La Casita de Fuente Obejuna\",\"isPartOf\":{\"@id\":\"https:\\\/\\\/lacasitadefuenteobejuna.com\\\/#website\"},\"datePublished\":\"2025-06-30T09:32:15+00:00\",\"dateModified\":\"2025-08-21T14:23:43+00:00\",\"breadcrumb\":{\"@id\":\"https:\\\/\\\/lacasitadefuenteobejuna.com\\\/#breadcrumb\"},\"inLanguage\":\"en-US\",\"potentialAction\":[{\"@type\":\"ReadAction\",\"target\":[\"https:\\\/\\\/lacasitadefuenteobejuna.com\\\/\"]}]},{\"@type\":\"BreadcrumbList\",\"@id\":\"https:\\\/\\\/lacasitadefuenteobejuna.com\\\/#breadcrumb\",\"itemListElement\":[{\"@type\":\"ListItem\",\"position\":1,\"name\":\"Portada\",\"item\":\"https:\\\/\\\/lacasitadefuenteobejuna.com\\\/\"},{\"@type\":\"ListItem\",\"position\":2,\"name\":\"Inicio\"}]},{\"@type\":\"WebSite\",\"@id\":\"https:\\\/\\\/lacasitadefuenteobejuna.com\\\/#website\",\"url\":\"https:\\\/\\\/lacasitadefuenteobejuna.com\\\/\",\"name\":\"La Casita de Fuente Obejuna\",\"description\":\"La Casita de Fuente Obejuna\",\"publisher\":{\"@id\":\"https:\\\/\\\/lacasitadefuenteobejuna.com\\\/#organization\"},\"potentialAction\":[{\"@type\":\"SearchAction\",\"target\":{\"@type\":\"EntryPoint\",\"urlTemplate\":\"https:\\\/\\\/lacasitadefuenteobejuna.com\\\/?s={search_term_string}\"},\"query-input\":{\"@type\":\"PropertyValueSpecification\",\"valueRequired\":true,\"valueName\":\"search_term_string\"}}],\"inLanguage\":\"en-US\"},{\"@type\":\"Organization\",\"@id\":\"https:\\\/\\\/lacasitadefuenteobejuna.com\\\/#organization\",\"name\":\"La Casita de Fuente Obejuna\",\"url\":\"https:\\\/\\\/lacasitadefuenteobejuna.com\\\/\",\"logo\":{\"@type\":\"ImageObject\",\"inLanguage\":\"en-US\",\"@id\":\"https:\\\/\\\/lacasitadefuenteobejuna.com\\\/#\\\/schema\\\/logo\\\/image\\\/\",\"url\":\"https:\\\/\\\/lacasitadefuenteobejuna.com\\\/wp-content\\\/uploads\\\/2025\\\/06\\\/cropped-logo_La_Casita_alta-scaled-1.png\",\"contentUrl\":\"https:\\\/\\\/lacasitadefuenteobejuna.com\\\/wp-content\\\/uploads\\\/2025\\\/06\\\/cropped-logo_La_Casita_alta-scaled-1.png\",\"width\":1808,\"height\":2068,\"caption\":\"La Casita de Fuente Obejuna\"},\"image\":{\"@id\":\"https:\\\/\\\/lacasitadefuenteobejuna.com\\\/#\\\/schema\\\/logo\\\/image\\\/\"}}]}<\/script>\n<!-- \/ Yoast SEO plugin. -->","yoast_head_json":{"title":"Inicio - La Casita de Fuente Obejuna","robots":{"index":"index","follow":"follow","max-snippet":"max-snippet:-1","max-image-preview":"max-image-preview:large","max-video-preview":"max-video-preview:-1"},"canonical":"https:\/\/lacasitadefuenteobejuna.com\/en\/","og_locale":"en_US","og_type":"article","og_title":"Inicio - La Casita de Fuente Obejuna","og_description":"\u00a1Alquiler Rural! inicio Sobre nosotros Es un proyecto muy ilusionante de rehabilitaci\u00f3n de la vivienda en 2021, que busca crear un espacio destinado al relax y la desconexi\u00f3n, proporcionando un refugio perfecto para aquellos que desean escapar del bullicio diario. Al mismo tiempo, se sit\u00faa en el coraz\u00f3n de un pueblo con una rica historia, [&hellip;]","og_url":"https:\/\/lacasitadefuenteobejuna.com\/en\/","og_site_name":"La Casita de Fuente Obejuna","article_modified_time":"2025-08-21T14:23:43+00:00","twitter_card":"summary_large_image","twitter_misc":{"Est. reading time":"1 minute"},"schema":{"@context":"https:\/\/schema.org","@graph":[{"@type":"WebPage","@id":"https:\/\/lacasitadefuenteobejuna.com\/","url":"https:\/\/lacasitadefuenteobejuna.com\/","name":"Inicio - La Casita de Fuente Obejuna","isPartOf":{"@id":"https:\/\/lacasitadefuenteobejuna.com\/#website"},"datePublished":"2025-06-30T09:32:15+00:00","dateModified":"2025-08-21T14:23:43+00:00","breadcrumb":{"@id":"https:\/\/lacasitadefuenteobejuna.com\/#breadcrumb"},"inLanguage":"en-US","potentialAction":[{"@type":"ReadAction","target":["https:\/\/lacasitadefuenteobejuna.com\/"]}]},{"@type":"BreadcrumbList","@id":"https:\/\/lacasitadefuenteobejuna.com\/#breadcrumb","itemListElement":[{"@type":"ListItem","position":1,"name":"Portada","item":"https:\/\/lacasitadefuenteobejuna.com\/"},{"@type":"ListItem","position":2,"name":"Inicio"}]},{"@type":"WebSite","@id":"https:\/\/lacasitadefuenteobejuna.com\/#website","url":"https:\/\/lacasitadefuenteobejuna.com\/","name":"La Casita de Fuente Obejuna","description":"La Casita de Fuente Obejuna","publisher":{"@id":"https:\/\/lacasitadefuenteobejuna.com\/#organization"},"potentialAction":[{"@type":"SearchAction","target":{"@type":"EntryPoint","urlTemplate":"https:\/\/lacasitadefuenteobejuna.com\/?s={search_term_string}"},"query-input":{"@type":"PropertyValueSpecification","valueRequired":true,"valueName":"search_term_string"}}],"inLanguage":"en-US"},{"@type":"Organization","@id":"https:\/\/lacasitadefuenteobejuna.com\/#organization","name":"La Casita de Fuente Obejuna","url":"https:\/\/lacasitadefuenteobejuna.com\/","logo":{"@type":"ImageObject","inLanguage":"en-US","@id":"https:\/\/lacasitadefuenteobejuna.com\/#\/schema\/logo\/image\/","url":"https:\/\/lacasitadefuenteobejuna.com\/wp-content\/uploads\/2025\/06\/cropped-logo_La_Casita_alta-scaled-1.png","contentUrl":"https:\/\/lacasitadefuenteobejuna.com\/wp-content\/uploads\/2025\/06\/cropped-logo_La_Casita_alta-scaled-1.png","width":1808,"height":2068,"caption":"La Casita de Fuente Obejuna"},"image":{"@id":"https:\/\/lacasitadefuenteobejuna.com\/#\/schema\/logo\/image\/"}}]}},"_links":{"self":[{"href":"https:\/\/lacasitadefuenteobejuna.com\/en\/wp-json\/wp\/v2\/pages\/2","targetHints":{"allow":["GET"]}}],"collection":[{"href":"https:\/\/lacasitadefuenteobejuna.com\/en\/wp-json\/wp\/v2\/pages"}],"about":[{"href":"https:\/\/lacasitadefuenteobejuna.com\/en\/wp-json\/wp\/v2\/types\/page"}],"author":[{"embeddable":true,"href":"https:\/\/lacasitadefuenteobejuna.com\/en\/wp-json\/wp\/v2\/users\/1"}],"replies":[{"embeddable":true,"href":"https:\/\/lacasitadefuenteobejuna.com\/en\/wp-json\/wp\/v2\/comments?post=2"}],"version-history":[{"count":184,"href":"https:\/\/lacasitadefuenteobejuna.com\/en\/wp-json\/wp\/v2\/pages\/2\/revisions"}],"predecessor-version":[{"id":795,"href":"https:\/\/lacasitadefuenteobejuna.com\/en\/wp-json\/wp\/v2\/pages\/2\/revisions\/795"}],"wp:attachment":[{"href":"https:\/\/lacasitadefuenteobejuna.com\/en\/wp-json\/wp\/v2\/media?parent=2"}],"curies":[{"name":"wp","href":"https:\/\/api.w.org\/{rel}","templated":true}]}}